{"id":1368,"date":"2023-10-15T08:05:51","date_gmt":"2023-10-15T08:05:51","guid":{"rendered":"https:\/\/ag-asesoria.com\/blog\/"},"modified":"2024-04-16T11:12:21","modified_gmt":"2024-04-16T11:12:21","slug":"blog","status":"publish","type":"page","link":"https:\/\/ag-asesoria.com\/ca\/blog\/","title":{"rendered":"BLOG"},"content":{"rendered":"\t\t<div data-elementor-type=\"wp-page\" data-elementor-id=\"1368\" class=\"elementor elementor-1368 elementor-1053\" data-elementor-settings=\"{&quot;element_pack_global_tooltip_width&quot;:{&quot;unit&quot;:&quot;px&quot;,&quot;size&quot;:&quot;&quot;,&quot;sizes&quot;:[]},&quot;element_pack_global_tooltip_width_tablet&quot;:{&quot;unit&quot;:&quot;px&quot;,&quot;size&quot;:&quot;&quot;,&quot;sizes&quot;:[]},&quot;element_pack_global_tooltip_width_mobile&quot;:{&quot;unit&quot;:&quot;px&quot;,&quot;size&quot;:&quot;&quot;,&quot;sizes&quot;:[]},&quot;element_pack_global_tooltip_padding&quot;:{&quot;unit&quot;:&quot;px&quot;,&quot;top&quot;:&quot;&quot;,&quot;right&quot;:&quot;&quot;,&quot;bottom&quot;:&quot;&quot;,&quot;left&quot;:&quot;&quot;,&quot;isLinked&quot;:true},&quot;element_pack_global_tooltip_padding_tablet&quot;:{&quot;unit&quot;:&quot;px&quot;,&quot;top&quot;:&quot;&quot;,&quot;right&quot;:&quot;&quot;,&quot;bottom&quot;:&quot;&quot;,&quot;left&quot;:&quot;&quot;,&quot;isLinked&quot;:true},&quot;element_pack_global_tooltip_padding_mobile&quot;:{&quot;unit&quot;:&quot;px&quot;,&quot;top&quot;:&quot;&quot;,&quot;right&quot;:&quot;&quot;,&quot;bottom&quot;:&quot;&quot;,&quot;left&quot;:&quot;&quot;,&quot;isLinked&quot;:true},&quot;element_pack_global_tooltip_border_radius&quot;:{&quot;unit&quot;:&quot;px&quot;,&quot;top&quot;:&quot;&quot;,&quot;right&quot;:&quot;&quot;,&quot;bottom&quot;:&quot;&quot;,&quot;left&quot;:&quot;&quot;,&quot;isLinked&quot;:true},&quot;element_pack_global_tooltip_border_radius_tablet&quot;:{&quot;unit&quot;:&quot;px&quot;,&quot;top&quot;:&quot;&quot;,&quot;right&quot;:&quot;&quot;,&quot;bottom&quot;:&quot;&quot;,&quot;left&quot;:&quot;&quot;,&quot;isLinked&quot;:true},&quot;element_pack_global_tooltip_border_radius_mobile&quot;:{&quot;unit&quot;:&quot;px&quot;,&quot;top&quot;:&quot;&quot;,&quot;right&quot;:&quot;&quot;,&quot;bottom&quot;:&quot;&quot;,&quot;left&quot;:&quot;&quot;,&quot;isLinked&quot;:true}}\" data-elementor-post-type=\"page\">\n\t\t\t\t\t\t<section class=\"elementor-section elementor-top-section elementor-element elementor-element-7ecdc62 elementor-section-boxed elementor-section-height-default elementor-section-height-default\" data-id=\"7ecdc62\" data-element_type=\"section\" data-e-type=\"section\">\n\t\t\t\t\t\t<div class=\"elementor-container elementor-column-gap-default\">\n\t\t\t\t\t<div class=\"elementor-column elementor-col-100 elementor-top-column elementor-element elementor-element-69b33a7\" data-id=\"69b33a7\" data-element_type=\"column\" data-e-type=\"column\">\n\t\t\t<div class=\"elementor-widget-wrap elementor-element-populated\">\n\t\t\t\t\t\t<div class=\"elementor-element elementor-element-7062981 elementor-widget elementor-widget-spacer\" data-id=\"7062981\" data-element_type=\"widget\" data-e-type=\"widget\" data-widget_type=\"spacer.default\">\n\t\t\t\t<div class=\"elementor-widget-container\">\n\t\t\t\t\t\t\t<div class=\"elementor-spacer\">\n\t\t\t<div class=\"elementor-spacer-inner\"><\/div>\n\t\t<\/div>\n\t\t\t\t\t\t<\/div>\n\t\t\t\t<\/div>\n\t\t\t\t<div class=\"elementor-element elementor-element-59e029b elementor-grid-3 elementor-grid-tablet-2 elementor-grid-mobile-1 elementor-posts--thumbnail-top elementor-card-shadow-yes elementor-posts__hover-gradient elementor-widget elementor-widget-posts\" data-id=\"59e029b\" data-element_type=\"widget\" data-e-type=\"widget\" data-settings=\"{&quot;cards_columns&quot;:&quot;3&quot;,&quot;cards_columns_tablet&quot;:&quot;2&quot;,&quot;cards_columns_mobile&quot;:&quot;1&quot;,&quot;cards_row_gap&quot;:{&quot;unit&quot;:&quot;px&quot;,&quot;size&quot;:35,&quot;sizes&quot;:[]},&quot;cards_row_gap_tablet&quot;:{&quot;unit&quot;:&quot;px&quot;,&quot;size&quot;:&quot;&quot;,&quot;sizes&quot;:[]},&quot;cards_row_gap_mobile&quot;:{&quot;unit&quot;:&quot;px&quot;,&quot;size&quot;:&quot;&quot;,&quot;sizes&quot;:[]}}\" data-widget_type=\"posts.cards\">\n\t\t\t\t<div class=\"elementor-widget-container\">\n\t\t\t\t\t\t\t<div class=\"elementor-posts-container elementor-posts elementor-posts--skin-cards elementor-grid\" role=\"list\">\n\t\t\t\t<article class=\"elementor-post elementor-grid-item post-99382 post type-post status-publish format-standard has-post-thumbnail hentry category-sin-categorizar\" role=\"listitem\">\n\t\t\t<div class=\"elementor-post__card\">\n\t\t\t\t<a class=\"elementor-post__thumbnail__link\" href=\"https:\/\/ag-asesoria.com\/ca\/consideracions-per-a-autonoms-amb-diverses-activitats-economiques\/\" tabindex=\"-1\" ><div class=\"elementor-post__thumbnail\"><img fetchpriority=\"high\" decoding=\"async\" width=\"300\" height=\"200\" src=\"https:\/\/ag-asesoria.com\/wp-content\/uploads\/2024\/12\/plumber-8936817_1280-300x200.jpg\" class=\"attachment-medium size-medium wp-image-99370\" alt=\"blog Pr\u00e1cticamente, todo el mundo sabe que si inicia una actividad profesional ha de darse de alta del CNAE y del IAE. El CNAE es un c\u00f3digo num\u00e9rico que corresponde a la clasificaci\u00f3n de actividades econ\u00f3micas establecida por la Administraci\u00f3n y no siempre es f\u00e1cil encontrar el adecuado. Por su parte, el IAE es el impuesto de actividades econ\u00f3micas en el que todos los agentes econ\u00f3micos han de estar de alta aunque se han de cumplir unos requisitos para que se deba pagar. Sin embargo, tambi\u00e9n consta de ep\u00edgrafes y es f\u00e1cil confundirlo con el CNAE. Es un tr\u00e1mite que se efect\u00faa en la Agencia Tributaria. Pero, \u00bfqu\u00e9 pasa con los aut\u00f3nomos con varias actividades econ\u00f3micas?\n\n[H2] Aut\u00f3nomos con m\u00e1s de una actividad, \u00bfes algo inhabitual? \nEn realidad, es bastante frecuente que un aut\u00f3nomo desempe\u00f1e m\u00e1s de una actividad. Sin embargo, habr\u00eda que hacer una primera distinci\u00f3n en el caso de que se trate de una actividad que se suma a la principal o es meramente puntual. Si es ocasional, no es necesario realizar ninguna gesti\u00f3n. Luego, se a\u00f1ade a los rendimientos a la hora de declarar. \n\nEn el caso de que sea habitual, es importante que se intente que posea el mismo r\u00e9gimen fiscal que la actividad principal. Sin embargo, no es imprescindible, ya que, a la hora de facturar servicios diferentes, pueden contabilizarse y fiscalizarse de manera separada.\n\nPor otro lado, el hecho de desempe\u00f1ar m\u00e1s actividades no afecta al importe que se pague de la cuota de aut\u00f3nomos. No hay que olvidar que, a partir de enero, se pagar\u00e1 la cuota de acuerdo con los ingresos reales. Tampoco supone una carga mayor en impuestos. Estos siempre est\u00e1n relacionados con los ingresos efectivos.\n\n[H2] \u00bfQu\u00e9 deben hacer los aut\u00f3nomos con varias actividades econ\u00f3micas? \nSi va a ser habitual que ejerzan otra actividad o actividades, han de inscribirlas tanto en el CNAE como en el IAE. Esto es, han de apuntarse en tantos ep\u00edgrafes como actividades desempe\u00f1en. Hacerlo no es potestativo, sino obligatorio. Tienen un mes para hacerlo desde que inicien la actividad.\n\nPor otra parte, a nivel contable, se distinguen de los aut\u00f3nomos que solo llevan a cabo una actividad. De hecho, la ley indica que aquellos que desempe\u00f1en m\u00e1s de una actividad, deben llevar registros separados para cada una de ellas si pertenecen a reg\u00edmenes de IVA diferentes. \n\nEn cuanto a los gastos, en ocasiones, puede ser complicado deducirlos, aunque sean comunes. Un ejemplo de ellos son los gastos de gestor\u00eda. Sin embargo, algunos especialistas sugieren repartirlos proporcionalmente entre dichas actividades. \n\nLa fiscalidad es otro punto a tener en cuenta. Lo ideal es que todas las actividades tributen por el mismo r\u00e9gimen de IRPF e IVA. No obstante, si no es as\u00ed, el legislador contempla la posibilidad de aplicar una prorrata especial para el c\u00e1lculo del IVA. Para llevarlo a cabo, es imprescindible implementar la contabilidad separada.\n\nLos aut\u00f3nomos con varias actividades econ\u00f3micas no pagan m\u00e1s por esa raz\u00f3n. Sin embargo, han de tener en cuenta que, probablemente, necesiten llevar registros separados de cada una de ellas. En caso de requerir asesoramiento personalizado, lo id\u00f3neo es contactarnos sin compromiso\" srcset=\"https:\/\/ag-asesoria.com\/wp-content\/uploads\/2024\/12\/plumber-8936817_1280-300x200.jpg 300w, https:\/\/ag-asesoria.com\/wp-content\/uploads\/2024\/12\/plumber-8936817_1280-1024x682.jpg 1024w, https:\/\/ag-asesoria.com\/wp-content\/uploads\/2024\/12\/plumber-8936817_1280-768x512.jpg 768w, https:\/\/ag-asesoria.com\/wp-content\/uploads\/2024\/12\/plumber-8936817_1280.jpg 1280w\" sizes=\"(max-width: 300px) 100vw, 300px\" \/><\/div><\/a>\n\t\t\t\t<div class=\"elementor-post__text\">\n\t\t\t\t<h3 class=\"elementor-post__title\">\n\t\t\t<a href=\"https:\/\/ag-asesoria.com\/ca\/consideracions-per-a-autonoms-amb-diverses-activitats-economiques\/\" >\n\t\t\t\tConsideracions per a aut\u00f2noms amb diverses activitats econ\u00f2miques\t\t\t<\/a>\n\t\t<\/h3>\n\t\t\t\t<div class=\"elementor-post__excerpt\">\n\t\t\t<p>Pr\u00e0cticament tothom sap que si inicia una activitat professional s&#8217;ha de donar d&#8217;alta del CNAE i de l&#8217;IAE. El CNAE es un c\u00f3digo num\u00e9rico que<\/p>\n\t\t<\/div>\n\t\t\n\t\t<a class=\"elementor-post__read-more\" href=\"https:\/\/ag-asesoria.com\/ca\/consideracions-per-a-autonoms-amb-diverses-activitats-economiques\/\" aria-label=\"Read more about Consideracions per a aut\u00f2noms amb diverses activitats econ\u00f2miques\" tabindex=\"-1\" >\n\t\t\tLeer m\u00e1s \u00bb\t\t<\/a>\n\n\t\t\t\t<\/div>\n\t\t\t\t<div class=\"elementor-post__meta-data\">\n\t\t\t\t\t<span class=\"elementor-post-date\">\n\t\t\tdesembre 16, 2024\t\t<\/span>\n\t\t\t\t<span class=\"elementor-post-avatar\">\n\t\t\tNo hi ha comentaris\t\t<\/span>\n\t\t\t\t<\/div>\n\t\t\t\t\t<\/div>\n\t\t<\/article>\n\t\t\t\t<article class=\"elementor-post elementor-grid-item post-60818 post type-post status-publish format-standard has-post-thumbnail hentry category-sin-categorizar\" role=\"listitem\">\n\t\t\t<div class=\"elementor-post__card\">\n\t\t\t\t<a class=\"elementor-post__thumbnail__link\" href=\"https:\/\/ag-asesoria.com\/ca\/muntar-un-negoci-passos-administratius\/\" tabindex=\"-1\" ><div class=\"elementor-post__thumbnail\"><img decoding=\"async\" width=\"300\" height=\"150\" src=\"https:\/\/ag-asesoria.com\/wp-content\/uploads\/2024\/11\/blog-ag-asesoria-1-300x150.jpg\" class=\"attachment-medium size-medium wp-image-60700\" alt=\"montar un negocio\" srcset=\"https:\/\/ag-asesoria.com\/wp-content\/uploads\/2024\/11\/blog-ag-asesoria-1-300x150.jpg 300w, https:\/\/ag-asesoria.com\/wp-content\/uploads\/2024\/11\/blog-ag-asesoria-1-1024x512.jpg 1024w, https:\/\/ag-asesoria.com\/wp-content\/uploads\/2024\/11\/blog-ag-asesoria-1-768x384.jpg 768w, https:\/\/ag-asesoria.com\/wp-content\/uploads\/2024\/11\/blog-ag-asesoria-1-1536x768.jpg 1536w, https:\/\/ag-asesoria.com\/wp-content\/uploads\/2024\/11\/blog-ag-asesoria-1-2048x1024.jpg 2048w\" sizes=\"(max-width: 300px) 100vw, 300px\" \/><\/div><\/a>\n\t\t\t\t<div class=\"elementor-post__text\">\n\t\t\t\t<h3 class=\"elementor-post__title\">\n\t\t\t<a href=\"https:\/\/ag-asesoria.com\/ca\/muntar-un-negoci-passos-administratius\/\" >\n\t\t\t\tMuntar un negoci: passos administratius\t\t\t<\/a>\n\t\t<\/h3>\n\t\t\t\t<div class=\"elementor-post__excerpt\">\n\t\t\t<p>Muntar un negoci propi \u00e9s molt estimulant i atractiu, fins que apareixen la burocr\u00e0cia i tots els passos administratius que cal superar. En aquestes circumst\u00e0ncies,<\/p>\n\t\t<\/div>\n\t\t\n\t\t<a class=\"elementor-post__read-more\" href=\"https:\/\/ag-asesoria.com\/ca\/muntar-un-negoci-passos-administratius\/\" aria-label=\"Read more about Muntar un negoci: passos administratius\" tabindex=\"-1\" >\n\t\t\tLeer m\u00e1s \u00bb\t\t<\/a>\n\n\t\t\t\t<\/div>\n\t\t\t\t<div class=\"elementor-post__meta-data\">\n\t\t\t\t\t<span class=\"elementor-post-date\">\n\t\t\tnovembre 13, 2024\t\t<\/span>\n\t\t\t\t<span class=\"elementor-post-avatar\">\n\t\t\tNo hi ha comentaris\t\t<\/span>\n\t\t\t\t<\/div>\n\t\t\t\t\t<\/div>\n\t\t<\/article>\n\t\t\t\t<article class=\"elementor-post elementor-grid-item post-22929 post type-post status-publish format-standard has-post-thumbnail hentry category-sin-categorizar\" role=\"listitem\">\n\t\t\t<div class=\"elementor-post__card\">\n\t\t\t\t<a class=\"elementor-post__thumbnail__link\" href=\"https:\/\/ag-asesoria.com\/ca\/claus-per-interpretar-un-balanc-dempresa\/\" tabindex=\"-1\" ><div class=\"elementor-post__thumbnail\"><img decoding=\"async\" width=\"300\" height=\"199\" src=\"https:\/\/ag-asesoria.com\/wp-content\/uploads\/2024\/10\/pexels-pixabay-164686-300x199.jpg\" class=\"attachment-medium size-medium wp-image-22916\" alt=\"balance de empresa\" srcset=\"https:\/\/ag-asesoria.com\/wp-content\/uploads\/2024\/10\/pexels-pixabay-164686-300x199.jpg 300w, https:\/\/ag-asesoria.com\/wp-content\/uploads\/2024\/10\/pexels-pixabay-164686-1024x681.jpg 1024w, https:\/\/ag-asesoria.com\/wp-content\/uploads\/2024\/10\/pexels-pixabay-164686-768x511.jpg 768w, https:\/\/ag-asesoria.com\/wp-content\/uploads\/2024\/10\/pexels-pixabay-164686-1536x1021.jpg 1536w, https:\/\/ag-asesoria.com\/wp-content\/uploads\/2024\/10\/pexels-pixabay-164686-2048x1362.jpg 2048w\" sizes=\"(max-width: 300px) 100vw, 300px\" \/><\/div><\/a>\n\t\t\t\t<div class=\"elementor-post__text\">\n\t\t\t\t<h3 class=\"elementor-post__title\">\n\t\t\t<a href=\"https:\/\/ag-asesoria.com\/ca\/claus-per-interpretar-un-balanc-dempresa\/\" >\n\t\t\t\tClaus per interpretar un balan\u00e7 d&#8217;empresa\t\t\t<\/a>\n\t\t<\/h3>\n\t\t\t\t<div class=\"elementor-post__excerpt\">\n\t\t\t<p>El balan\u00e7 d&#8217;una empresa ofereix informaci\u00f3 valuosa. Gr\u00e0cies al contingut, \u00e9s possible avaluar la salut econ\u00f2mica i l&#8217;estabilitat de la companyia. Tot i aix\u00f2, a<\/p>\n\t\t<\/div>\n\t\t\n\t\t<a class=\"elementor-post__read-more\" href=\"https:\/\/ag-asesoria.com\/ca\/claus-per-interpretar-un-balanc-dempresa\/\" aria-label=\"Read more about Claus per interpretar un balan\u00e7 d&#8217;empresa\" tabindex=\"-1\" >\n\t\t\tLeer m\u00e1s \u00bb\t\t<\/a>\n\n\t\t\t\t<\/div>\n\t\t\t\t<div class=\"elementor-post__meta-data\">\n\t\t\t\t\t<span class=\"elementor-post-date\">\n\t\t\toctubre 8, 2024\t\t<\/span>\n\t\t\t\t<span class=\"elementor-post-avatar\">\n\t\t\tNo hi ha comentaris\t\t<\/span>\n\t\t\t\t<\/div>\n\t\t\t\t\t<\/div>\n\t\t<\/article>\n\t\t\t\t<article class=\"elementor-post elementor-grid-item post-1419 post type-post status-publish format-standard has-post-thumbnail hentry category-sin-categorizar\" role=\"listitem\">\n\t\t\t<div class=\"elementor-post__card\">\n\t\t\t\t<a class=\"elementor-post__thumbnail__link\" href=\"https:\/\/ag-asesoria.com\/ca\/importancia-de-una-gestoria-para-los-autonomos\/\" tabindex=\"-1\" ><div class=\"elementor-post__thumbnail\"><img loading=\"lazy\" decoding=\"async\" width=\"300\" height=\"200\" src=\"https:\/\/ag-asesoria.com\/wp-content\/uploads\/2023\/11\/accountant-1238598_1280-300x200.jpg\" class=\"attachment-medium size-medium wp-image-1415\" alt=\"\" srcset=\"https:\/\/ag-asesoria.com\/wp-content\/uploads\/2023\/11\/accountant-1238598_1280-300x200.jpg 300w, https:\/\/ag-asesoria.com\/wp-content\/uploads\/2023\/11\/accountant-1238598_1280-1024x682.jpg 1024w, https:\/\/ag-asesoria.com\/wp-content\/uploads\/2023\/11\/accountant-1238598_1280-768x512.jpg 768w, https:\/\/ag-asesoria.com\/wp-content\/uploads\/2023\/11\/accountant-1238598_1280.jpg 1280w\" sizes=\"(max-width: 300px) 100vw, 300px\" \/><\/div><\/a>\n\t\t\t\t<div class=\"elementor-post__text\">\n\t\t\t\t<h3 class=\"elementor-post__title\">\n\t\t\t<a href=\"https:\/\/ag-asesoria.com\/ca\/importancia-de-una-gestoria-para-los-autonomos\/\" >\n\t\t\t\tImport\u00e0ncia d&#8217;una gestoria per als aut\u00f2noms\t\t\t<\/a>\n\t\t<\/h3>\n\t\t\t\t<div class=\"elementor-post__excerpt\">\n\t\t\t<p>Per als aut\u00f2noms i emprenedors, el cam\u00ed cap a l&#8217;\u00e8xit \u00e9s ple d&#8217;obstacles, i un dels desafiaments m\u00e9s grans als quals s&#8217;enfronten \u00e9s el m\u00f3n<\/p>\n\t\t<\/div>\n\t\t\n\t\t<a class=\"elementor-post__read-more\" href=\"https:\/\/ag-asesoria.com\/ca\/importancia-de-una-gestoria-para-los-autonomos\/\" aria-label=\"Read more about Import\u00e0ncia d&#8217;una gestoria per als aut\u00f2noms\" tabindex=\"-1\" >\n\t\t\tLeer m\u00e1s \u00bb\t\t<\/a>\n\n\t\t\t\t<\/div>\n\t\t\t\t<div class=\"elementor-post__meta-data\">\n\t\t\t\t\t<span class=\"elementor-post-date\">\n\t\t\tnovembre 3, 2023\t\t<\/span>\n\t\t\t\t<span class=\"elementor-post-avatar\">\n\t\t\tNo hi ha comentaris\t\t<\/span>\n\t\t\t\t<\/div>\n\t\t\t\t\t<\/div>\n\t\t<\/article>\n\t\t\t\t<article class=\"elementor-post elementor-grid-item post-1401 post type-post status-publish format-standard has-post-thumbnail hentry category-sin-categorizar\" role=\"listitem\">\n\t\t\t<div class=\"elementor-post__card\">\n\t\t\t\t<a class=\"elementor-post__thumbnail__link\" href=\"https:\/\/ag-asesoria.com\/ca\/4-consells-a-seguir-imprescindibles-per-optimitzar-les-finances-de-la-teva-empresa\/\" tabindex=\"-1\" ><div class=\"elementor-post__thumbnail\"><img loading=\"lazy\" decoding=\"async\" width=\"300\" height=\"169\" src=\"https:\/\/ag-asesoria.com\/wp-content\/uploads\/2023\/10\/Asesor-fiscal-300x169.jpg\" class=\"attachment-medium size-medium wp-image-1214\" alt=\"\" srcset=\"https:\/\/ag-asesoria.com\/wp-content\/uploads\/2023\/10\/Asesor-fiscal-300x169.jpg 300w, https:\/\/ag-asesoria.com\/wp-content\/uploads\/2023\/10\/Asesor-fiscal-1024x576.jpg 1024w, https:\/\/ag-asesoria.com\/wp-content\/uploads\/2023\/10\/Asesor-fiscal-768x432.jpg 768w, https:\/\/ag-asesoria.com\/wp-content\/uploads\/2023\/10\/Asesor-fiscal-1536x864.jpg 1536w, https:\/\/ag-asesoria.com\/wp-content\/uploads\/2023\/10\/Asesor-fiscal-2048x1152.jpg 2048w\" sizes=\"(max-width: 300px) 100vw, 300px\" \/><\/div><\/a>\n\t\t\t\t<div class=\"elementor-post__text\">\n\t\t\t\t<h3 class=\"elementor-post__title\">\n\t\t\t<a href=\"https:\/\/ag-asesoria.com\/ca\/4-consells-a-seguir-imprescindibles-per-optimitzar-les-finances-de-la-teva-empresa\/\" >\n\t\t\t\t4 consells a seguir imprescindibles per optimitzar les finances de la teva empresa\t\t\t<\/a>\n\t\t<\/h3>\n\t\t\t\t<div class=\"elementor-post__excerpt\">\n\t\t\t<p>Gestionar fiscalment la teva empresa \u00e9s, sens dubte, la clau per a l&#8217;\u00e8xit de la mateixa. Des d&#8217;AG Assessoria entenem perfectament la import\u00e0ncia d&#8217;explotar al<\/p>\n\t\t<\/div>\n\t\t\n\t\t<a class=\"elementor-post__read-more\" href=\"https:\/\/ag-asesoria.com\/ca\/4-consells-a-seguir-imprescindibles-per-optimitzar-les-finances-de-la-teva-empresa\/\" aria-label=\"Read more about 4 consells a seguir imprescindibles per optimitzar les finances de la teva empresa\" tabindex=\"-1\" >\n\t\t\tLeer m\u00e1s \u00bb\t\t<\/a>\n\n\t\t\t\t<\/div>\n\t\t\t\t<div class=\"elementor-post__meta-data\">\n\t\t\t\t\t<span class=\"elementor-post-date\">\n\t\t\toctubre 17, 2023\t\t<\/span>\n\t\t\t\t<span class=\"elementor-post-avatar\">\n\t\t\tNo hi ha comentaris\t\t<\/span>\n\t\t\t\t<\/div>\n\t\t\t\t\t<\/div>\n\t\t<\/article>\n\t\t\t\t<\/div>\n\t\t\n\t\t\t\t\t\t<\/div>\n\t\t\t\t<\/div>\n\t\t\t\t<div class=\"elementor-element elementor-element-8d3d56e elementor-widget elementor-widget-spacer\" data-id=\"8d3d56e\" data-element_type=\"widget\" data-e-type=\"widget\" data-widget_type=\"spacer.default\">\n\t\t\t\t<div class=\"elementor-widget-container\">\n\t\t\t\t\t\t\t<div class=\"elementor-spacer\">\n\t\t\t<div class=\"elementor-spacer-inner\"><\/div>\n\t\t<\/div>\n\t\t\t\t\t\t<\/div>\n\t\t\t\t<\/div>\n\t\t\t\t\t<\/div>\n\t\t<\/div>\n\t\t\t\t\t<\/div>\n\t\t<\/section>\n\t\t\t\t<\/div>\n\t\t","protected":false},"excerpt":{"rendered":"","protected":false},"author":1,"featured_media":0,"parent":0,"menu_order":0,"comment_status":"closed","ping_status":"closed","template":"elementor_header_footer","meta":{"footnotes":""},"class_list":["post-1368","page","type-page","status-publish","hentry"],"yoast_head":"<!-- This site is optimized with the Yoast SEO plugin v26.7 - https:\/\/yoast.com\/wordpress\/plugins\/seo\/ -->\n<title>BLOG - AG Asesoria<\/title>\n<meta name=\"description\" content=\"Descubre nuestro blog de gestor\u00eda online que te ayudar\u00e1 con todos los procesos para los procesos burocr\u00e1ticos de tu empresa.\" \/>\n<meta name=\"robots\" content=\"index, follow, max-snippet:-1, max-image-preview:large, max-video-preview:-1\" \/>\n<link rel=\"canonical\" href=\"https:\/\/ag-asesoria.com\/ca\/blog\/\" \/>\n<meta property=\"og:locale\" content=\"ca_ES\" \/>\n<meta property=\"og:type\" content=\"article\" \/>\n<meta property=\"og:title\" content=\"BLOG - AG Asesoria\" \/>\n<meta property=\"og:description\" content=\"Descubre nuestro blog de gestor\u00eda online que te ayudar\u00e1 con todos los procesos para los procesos burocr\u00e1ticos de tu empresa.\" \/>\n<meta property=\"og:url\" content=\"https:\/\/ag-asesoria.com\/ca\/blog\/\" \/>\n<meta property=\"og:site_name\" content=\"AG Asesoria\" \/>\n<meta property=\"article:modified_time\" content=\"2024-04-16T11:12:21+00:00\" \/>\n<meta name=\"twitter:card\" content=\"summary_large_image\" \/>\n<script type=\"application\/ld+json\" class=\"yoast-schema-graph\">{\"@context\":\"https:\/\/schema.org\",\"@graph\":[{\"@type\":\"WebPage\",\"@id\":\"https:\/\/ag-asesoria.com\/ca\/blog\/\",\"url\":\"https:\/\/ag-asesoria.com\/ca\/blog\/\",\"name\":\"BLOG - AG Asesoria\",\"isPartOf\":{\"@id\":\"https:\/\/ag-asesoria.com\/#website\"},\"datePublished\":\"2023-10-15T08:05:51+00:00\",\"dateModified\":\"2024-04-16T11:12:21+00:00\",\"description\":\"Descubre nuestro blog de gestor\u00eda online que te ayudar\u00e1 con todos los procesos para los procesos burocr\u00e1ticos de tu empresa.\",\"breadcrumb\":{\"@id\":\"https:\/\/ag-asesoria.com\/ca\/blog\/#breadcrumb\"},\"inLanguage\":\"ca\",\"potentialAction\":[{\"@type\":\"ReadAction\",\"target\":[\"https:\/\/ag-asesoria.com\/ca\/blog\/\"]}]},{\"@type\":\"BreadcrumbList\",\"@id\":\"https:\/\/ag-asesoria.com\/ca\/blog\/#breadcrumb\",\"itemListElement\":[{\"@type\":\"ListItem\",\"position\":1,\"name\":\"Home\",\"item\":\"https:\/\/ag-asesoria.com\/ca\/\"},{\"@type\":\"ListItem\",\"position\":2,\"name\":\"BLOG\"}]},{\"@type\":\"WebSite\",\"@id\":\"https:\/\/ag-asesoria.com\/#website\",\"url\":\"https:\/\/ag-asesoria.com\/\",\"name\":\"AG Asesor\u00eda\",\"description\":\"Asesor fiscal, laboral, contable y extranjeria en Arenys de Mar\",\"publisher\":{\"@id\":\"https:\/\/ag-asesoria.com\/#organization\"},\"potentialAction\":[{\"@type\":\"SearchAction\",\"target\":{\"@type\":\"EntryPoint\",\"urlTemplate\":\"https:\/\/ag-asesoria.com\/?s={search_term_string}\"},\"query-input\":{\"@type\":\"PropertyValueSpecification\",\"valueRequired\":true,\"valueName\":\"search_term_string\"}}],\"inLanguage\":\"ca\"},{\"@type\":\"Organization\",\"@id\":\"https:\/\/ag-asesoria.com\/#organization\",\"name\":\"AG Asesor\u00eda\",\"url\":\"https:\/\/ag-asesoria.com\/\",\"logo\":{\"@type\":\"ImageObject\",\"inLanguage\":\"ca\",\"@id\":\"https:\/\/ag-asesoria.com\/#\/schema\/logo\/image\/\",\"url\":\"https:\/\/ag-asesoria.com\/wp-content\/uploads\/2021\/03\/LOGO-ASESORIA.jpg\",\"contentUrl\":\"https:\/\/ag-asesoria.com\/wp-content\/uploads\/2021\/03\/LOGO-ASESORIA.jpg\",\"width\":650,\"height\":295,\"caption\":\"AG Asesor\u00eda\"},\"image\":{\"@id\":\"https:\/\/ag-asesoria.com\/#\/schema\/logo\/image\/\"}}]}<\/script>\n<!-- \/ Yoast SEO plugin. -->","yoast_head_json":{"title":"BLOG - AG Asesoria","description":"Descubre nuestro blog de gestor\u00eda online que te ayudar\u00e1 con todos los procesos para los procesos burocr\u00e1ticos de tu empresa.","robots":{"index":"index","follow":"follow","max-snippet":"max-snippet:-1","max-image-preview":"max-image-preview:large","max-video-preview":"max-video-preview:-1"},"canonical":"https:\/\/ag-asesoria.com\/ca\/blog\/","og_locale":"ca_ES","og_type":"article","og_title":"BLOG - AG Asesoria","og_description":"Descubre nuestro blog de gestor\u00eda online que te ayudar\u00e1 con todos los procesos para los procesos burocr\u00e1ticos de tu empresa.","og_url":"https:\/\/ag-asesoria.com\/ca\/blog\/","og_site_name":"AG Asesoria","article_modified_time":"2024-04-16T11:12:21+00:00","twitter_card":"summary_large_image","schema":{"@context":"https:\/\/schema.org","@graph":[{"@type":"WebPage","@id":"https:\/\/ag-asesoria.com\/ca\/blog\/","url":"https:\/\/ag-asesoria.com\/ca\/blog\/","name":"BLOG - AG Asesoria","isPartOf":{"@id":"https:\/\/ag-asesoria.com\/#website"},"datePublished":"2023-10-15T08:05:51+00:00","dateModified":"2024-04-16T11:12:21+00:00","description":"Descubre nuestro blog de gestor\u00eda online que te ayudar\u00e1 con todos los procesos para los procesos burocr\u00e1ticos de tu empresa.","breadcrumb":{"@id":"https:\/\/ag-asesoria.com\/ca\/blog\/#breadcrumb"},"inLanguage":"ca","potentialAction":[{"@type":"ReadAction","target":["https:\/\/ag-asesoria.com\/ca\/blog\/"]}]},{"@type":"BreadcrumbList","@id":"https:\/\/ag-asesoria.com\/ca\/blog\/#breadcrumb","itemListElement":[{"@type":"ListItem","position":1,"name":"Home","item":"https:\/\/ag-asesoria.com\/ca\/"},{"@type":"ListItem","position":2,"name":"BLOG"}]},{"@type":"WebSite","@id":"https:\/\/ag-asesoria.com\/#website","url":"https:\/\/ag-asesoria.com\/","name":"AG Asesor\u00eda","description":"Asesor fiscal, laboral, contable y extranjeria en Arenys de Mar","publisher":{"@id":"https:\/\/ag-asesoria.com\/#organization"},"potentialAction":[{"@type":"SearchAction","target":{"@type":"EntryPoint","urlTemplate":"https:\/\/ag-asesoria.com\/?s={search_term_string}"},"query-input":{"@type":"PropertyValueSpecification","valueRequired":true,"valueName":"search_term_string"}}],"inLanguage":"ca"},{"@type":"Organization","@id":"https:\/\/ag-asesoria.com\/#organization","name":"AG Asesor\u00eda","url":"https:\/\/ag-asesoria.com\/","logo":{"@type":"ImageObject","inLanguage":"ca","@id":"https:\/\/ag-asesoria.com\/#\/schema\/logo\/image\/","url":"https:\/\/ag-asesoria.com\/wp-content\/uploads\/2021\/03\/LOGO-ASESORIA.jpg","contentUrl":"https:\/\/ag-asesoria.com\/wp-content\/uploads\/2021\/03\/LOGO-ASESORIA.jpg","width":650,"height":295,"caption":"AG Asesor\u00eda"},"image":{"@id":"https:\/\/ag-asesoria.com\/#\/schema\/logo\/image\/"}}]}},"_links":{"self":[{"href":"https:\/\/ag-asesoria.com\/ca\/wp-json\/wp\/v2\/pages\/1368","targetHints":{"allow":["GET"]}}],"collection":[{"href":"https:\/\/ag-asesoria.com\/ca\/wp-json\/wp\/v2\/pages"}],"about":[{"href":"https:\/\/ag-asesoria.com\/ca\/wp-json\/wp\/v2\/types\/page"}],"author":[{"embeddable":true,"href":"https:\/\/ag-asesoria.com\/ca\/wp-json\/wp\/v2\/users\/1"}],"replies":[{"embeddable":true,"href":"https:\/\/ag-asesoria.com\/ca\/wp-json\/wp\/v2\/comments?post=1368"}],"version-history":[{"count":4,"href":"https:\/\/ag-asesoria.com\/ca\/wp-json\/wp\/v2\/pages\/1368\/revisions"}],"predecessor-version":[{"id":1385,"href":"https:\/\/ag-asesoria.com\/ca\/wp-json\/wp\/v2\/pages\/1368\/revisions\/1385"}],"wp:attachment":[{"href":"https:\/\/ag-asesoria.com\/ca\/wp-json\/wp\/v2\/media?parent=1368"}],"curies":[{"name":"wp","href":"https:\/\/api.w.org\/{rel}","templated":true}]}}