{"id":13445,"date":"2024-03-14T12:48:59","date_gmt":"2024-03-14T12:48:59","guid":{"rendered":"https:\/\/ag-asesoria.com\/assessoria-laboral-especialitzada\/"},"modified":"2024-08-26T13:34:37","modified_gmt":"2024-08-26T13:34:37","slug":"assessoria-laboral-especialitzada","status":"publish","type":"page","link":"https:\/\/ag-asesoria.com\/ca\/assessoria-laboral-especialitzada\/","title":{"rendered":"Assessoria laboral especialitzada"},"content":{"rendered":"\t\t<div data-elementor-type=\"section\" data-elementor-id=\"13445\" class=\"elementor elementor-13445 elementor-2397\" data-elementor-post-type=\"page\">\n\t\t\t\t\t<section class=\"elementor-section elementor-top-section elementor-element elementor-element-5a997d8 elementor-section-content-top elementor-reverse-mobile elementor-section-boxed elementor-section-height-default elementor-section-height-default\" data-id=\"5a997d8\" data-element_type=\"section\" data-e-type=\"section\" data-settings=\"{&quot;background_background&quot;:&quot;classic&quot;}\">\n\t\t\t\t\t\t<div class=\"elementor-container elementor-column-gap-wide\">\n\t\t\t\t\t<div class=\"elementor-column elementor-col-50 elementor-top-column elementor-element elementor-element-458880f8\" data-id=\"458880f8\" data-element_type=\"column\" data-e-type=\"column\">\n\t\t\t<div class=\"elementor-widget-wrap elementor-element-populated\">\n\t\t\t\t\t\t<div class=\"elementor-element elementor-element-9049000 elementor-widget elementor-widget-heading\" data-id=\"9049000\" data-element_type=\"widget\" data-e-type=\"widget\" data-widget_type=\"heading.default\">\n\t\t\t\t<div class=\"elementor-widget-container\">\n\t\t\t\t\t<h2 class=\"elementor-heading-title elementor-size-default\">Assessoria laboral especialitzada al Maresme<\/h2>\t\t\t\t<\/div>\n\t\t\t\t<\/div>\n\t\t\t\t<div class=\"elementor-element elementor-element-229ea14 elementor-widget elementor-widget-text-editor\" data-id=\"229ea14\" data-element_type=\"widget\" data-e-type=\"widget\" data-widget_type=\"text-editor.default\">\n\t\t\t\t<div class=\"elementor-widget-container\">\n\t\t\t\t\t\t\t\t\t<p>Est\u00e0s buscant una soluci\u00f3 per facilitar l&#8217;alta i l<strong>a contractaci\u00f3 dels treballadors?<\/strong> Descobreix a <strong>AG Assessoria<\/strong> com la nostra <strong>assessoria laboral<\/strong> et pot ajudar a tenir una gesti\u00f3 m\u00e9s eficient d&#8217;aquests tr\u00e0mits d&#8217;acord amb el Conveni Col\u00b7lectiu vigent. <\/p>\n\t\t\t\t\t\t\t\t<\/div>\n\t\t\t\t<\/div>\n\t\t\t\t\t<\/div>\n\t\t<\/div>\n\t\t\t\t<div class=\"elementor-column elementor-col-50 elementor-top-column elementor-element elementor-element-2dd6d34b\" data-id=\"2dd6d34b\" data-element_type=\"column\" data-e-type=\"column\">\n\t\t\t<div class=\"elementor-widget-wrap elementor-element-populated\">\n\t\t\t\t\t\t<div class=\"elementor-element elementor-element-61ec520f elementor-widget elementor-widget-image\" data-id=\"61ec520f\" data-element_type=\"widget\" data-e-type=\"widget\" data-widget_type=\"image.default\">\n\t\t\t\t<div class=\"elementor-widget-container\">\n\t\t\t\t\t\t\t\t\t\t\t\t\t\t\t<img fetchpriority=\"high\" decoding=\"async\" width=\"800\" height=\"800\" src=\"https:\/\/ag-asesoria.com\/wp-content\/uploads\/2024\/03\/Servicio-de-asesoria-laboral-especializada-Ag-Asesoria-e1710428122257.jpg\" class=\"attachment-large size-large wp-image-2402\" alt=\"Asesor\u00eda laboral especializada\" \/>\t\t\t\t\t\t\t\t\t\t\t\t\t\t\t<\/div>\n\t\t\t\t<\/div>\n\t\t\t\t\t<\/div>\n\t\t<\/div>\n\t\t\t\t\t<\/div>\n\t\t<\/section>\n\t\t\t\t<section class=\"elementor-section elementor-top-section elementor-element elementor-element-0a293d4 elementor-section-boxed elementor-section-height-default elementor-section-height-default\" data-id=\"0a293d4\" data-element_type=\"section\" data-e-type=\"section\">\n\t\t\t\t\t\t<div class=\"elementor-container elementor-column-gap-default\">\n\t\t\t\t\t<div class=\"elementor-column elementor-col-100 elementor-top-column elementor-element elementor-element-2b91bd1\" data-id=\"2b91bd1\" data-element_type=\"column\" data-e-type=\"column\">\n\t\t\t<div class=\"elementor-widget-wrap elementor-element-populated\">\n\t\t\t\t\t\t<div class=\"elementor-element elementor-element-1aeb387 elementor-widget-divider--view-line elementor-widget elementor-widget-divider\" data-id=\"1aeb387\" data-element_type=\"widget\" data-e-type=\"widget\" data-widget_type=\"divider.default\">\n\t\t\t\t<div class=\"elementor-widget-container\">\n\t\t\t\t\t\t\t<div class=\"elementor-divider\">\n\t\t\t<span class=\"elementor-divider-separator\">\n\t\t\t\t\t\t<\/span>\n\t\t<\/div>\n\t\t\t\t\t\t<\/div>\n\t\t\t\t<\/div>\n\t\t\t\t\t<\/div>\n\t\t<\/div>\n\t\t\t\t\t<\/div>\n\t\t<\/section>\n\t\t\t\t<section class=\"elementor-section elementor-top-section elementor-element elementor-element-433d9a1 elementor-section-content-top elementor-section-boxed elementor-section-height-default elementor-section-height-default\" data-id=\"433d9a1\" data-element_type=\"section\" data-e-type=\"section\">\n\t\t\t\t\t\t<div class=\"elementor-container elementor-column-gap-default\">\n\t\t\t\t\t<div class=\"elementor-column elementor-col-100 elementor-top-column elementor-element elementor-element-473fd4a\" data-id=\"473fd4a\" data-element_type=\"column\" data-e-type=\"column\">\n\t\t\t<div class=\"elementor-widget-wrap elementor-element-populated\">\n\t\t\t\t\t\t<div class=\"elementor-element elementor-element-73055a4 elementor-widget elementor-widget-heading\" data-id=\"73055a4\" data-element_type=\"widget\" data-e-type=\"widget\" data-widget_type=\"heading.default\">\n\t\t\t\t<div class=\"elementor-widget-container\">\n\t\t\t\t\t<h3 class=\"elementor-heading-title elementor-size-default\">Assessoria laboral i professional per a empreses<\/h3>\t\t\t\t<\/div>\n\t\t\t\t<\/div>\n\t\t\t\t<div class=\"elementor-element elementor-element-cc3b3e5 elementor-widget elementor-widget-text-editor\" data-id=\"cc3b3e5\" data-element_type=\"widget\" data-e-type=\"widget\" data-widget_type=\"text-editor.default\">\n\t\t\t\t<div class=\"elementor-widget-container\">\n\t\t\t\t\t\t\t\t\t<p>A la nostra gestoria trobar\u00e0s una <strong>soluci\u00f3 integral per a la gesti\u00f3 laboral de la teva empresa<\/strong>. Dissenyem els nostres serveis pensant en la teva empresa perqu\u00e8 puguis tenir una assist\u00e8ncia experta i que tu nom\u00e9s t&#8217;hagis de centrar en el teu negoci i puguis deixar en mans d&#8217;experts la teva gesti\u00f3 laboral. <\/p>\n\t\t\t\t\t\t\t\t<\/div>\n\t\t\t\t<\/div>\n\t\t\t\t<div class=\"elementor-element elementor-element-7b1e3d4 elementor-align-left elementor-widget elementor-widget-button\" data-id=\"7b1e3d4\" data-element_type=\"widget\" data-e-type=\"widget\" data-widget_type=\"button.default\">\n\t\t\t\t<div class=\"elementor-widget-container\">\n\t\t\t\t\t\t\t\t\t<div class=\"elementor-button-wrapper\">\n\t\t\t\t\t<a class=\"elementor-button elementor-button-link elementor-size-sm\" href=\"#contacto\">\n\t\t\t\t\t\t<span class=\"elementor-button-content-wrapper\">\n\t\t\t\t\t\t\t\t\t<span class=\"elementor-button-text\">CONTACTA'NS<\/span>\n\t\t\t\t\t<\/span>\n\t\t\t\t\t<\/a>\n\t\t\t\t<\/div>\n\t\t\t\t\t\t\t\t<\/div>\n\t\t\t\t<\/div>\n\t\t\t\t\t<\/div>\n\t\t<\/div>\n\t\t\t\t\t<\/div>\n\t\t<\/section>\n\t\t\t\t<section class=\"elementor-section elementor-top-section elementor-element elementor-element-f84c440 elementor-section-boxed elementor-section-height-default elementor-section-height-default\" data-id=\"f84c440\" data-element_type=\"section\" data-e-type=\"section\">\n\t\t\t\t\t\t<div class=\"elementor-container elementor-column-gap-default\">\n\t\t\t\t\t<div class=\"elementor-column elementor-col-100 elementor-top-column elementor-element elementor-element-05c2d24\" data-id=\"05c2d24\" data-element_type=\"column\" data-e-type=\"column\">\n\t\t\t<div class=\"elementor-widget-wrap elementor-element-populated\">\n\t\t\t\t\t\t<div class=\"elementor-element elementor-element-65054ff elementor-widget-divider--view-line elementor-widget elementor-widget-divider\" data-id=\"65054ff\" data-element_type=\"widget\" data-e-type=\"widget\" data-widget_type=\"divider.default\">\n\t\t\t\t<div class=\"elementor-widget-container\">\n\t\t\t\t\t\t\t<div class=\"elementor-divider\">\n\t\t\t<span class=\"elementor-divider-separator\">\n\t\t\t\t\t\t<\/span>\n\t\t<\/div>\n\t\t\t\t\t\t<\/div>\n\t\t\t\t<\/div>\n\t\t\t\t\t<\/div>\n\t\t<\/div>\n\t\t\t\t\t<\/div>\n\t\t<\/section>\n\t\t\t\t<section class=\"elementor-section elementor-top-section elementor-element elementor-element-c8d8766 elementor-section-boxed elementor-section-height-default elementor-section-height-default\" data-id=\"c8d8766\" data-element_type=\"section\" data-e-type=\"section\">\n\t\t\t\t\t\t<div class=\"elementor-container elementor-column-gap-default\">\n\t\t\t\t\t<div class=\"elementor-column elementor-col-100 elementor-top-column elementor-element elementor-element-5b413eb\" data-id=\"5b413eb\" data-element_type=\"column\" data-e-type=\"column\">\n\t\t\t<div class=\"elementor-widget-wrap elementor-element-populated\">\n\t\t\t\t\t\t<div class=\"elementor-element elementor-element-e945261 elementor-widget elementor-widget-heading\" data-id=\"e945261\" data-element_type=\"widget\" data-e-type=\"widget\" data-widget_type=\"heading.default\">\n\t\t\t\t<div class=\"elementor-widget-container\">\n\t\t\t\t\t<h3 class=\"elementor-heading-title elementor-size-default\">Serveis d'assessoria laboral integral<\/h3>\t\t\t\t<\/div>\n\t\t\t\t<\/div>\n\t\t\t\t<div class=\"elementor-element elementor-element-6eade3b elementor-widget elementor-widget-text-editor\" data-id=\"6eade3b\" data-element_type=\"widget\" data-e-type=\"widget\" data-widget_type=\"text-editor.default\">\n\t\t\t\t<div class=\"elementor-widget-container\">\n\t\t\t\t\t\t\t\t\tEls nostres professionals us ajudaran en el <strong>proc\u00e9s d&#8217;alta i contractaci\u00f3 del personal <\/strong>per garantir el compliment de totes les normatives vigents aplicables al vostre sector. Sabem que les tasques de confecci\u00f3 de les n\u00f2mines \u00e9s complexa, i cal tenir una gran precisi\u00f3 en els c\u00e0lculs, puntualitat dels lliuraments, etc\u2026 A m\u00e9s de la tramitaci\u00f3 de parts de baixa i alta o accidents laborals, la nostra assessoria laboral s&#8217;encarregar\u00e0 de la tramitaci\u00f3 eficient daquestes parts, garantint una comunicaci\u00f3 fluida i reeixida amb la Seguretat Social.  <h3>Per qu\u00e8 hauries de triar la nostra assessoria laboral?<\/h3> Comptar amb un<strong> assessor laboral <\/strong>de confian\u00e7a \u00e9s imprescindible per proporcionar-te un servei personalitzat i una qualitat que s&#8217;ajusti als requisits legals de la teva empresa. Tranquil\u00b7litat i perfecci\u00f3 \u00e9s el que busquem per a tu. \t\t\t\t\t\t\t\t<\/div>\n\t\t\t\t<\/div>\n\t\t\t\t<div class=\"elementor-element elementor-element-939404b elementor-align-left elementor-widget elementor-widget-button\" data-id=\"939404b\" data-element_type=\"widget\" data-e-type=\"widget\" data-widget_type=\"button.default\">\n\t\t\t\t<div class=\"elementor-widget-container\">\n\t\t\t\t\t\t\t\t\t<div class=\"elementor-button-wrapper\">\n\t\t\t\t\t<a class=\"elementor-button elementor-button-link elementor-size-sm\" href=\"#contacto\">\n\t\t\t\t\t\t<span class=\"elementor-button-content-wrapper\">\n\t\t\t\t\t\t\t\t\t<span class=\"elementor-button-text\">Demana una consulta gratu\u00efta avui mateix<\/span>\n\t\t\t\t\t<\/span>\n\t\t\t\t\t<\/a>\n\t\t\t\t<\/div>\n\t\t\t\t\t\t\t\t<\/div>\n\t\t\t\t<\/div>\n\t\t\t\t\t<\/div>\n\t\t<\/div>\n\t\t\t\t\t<\/div>\n\t\t<\/section>\n\t\t\t\t<section class=\"elementor-section elementor-top-section elementor-element elementor-element-32559c9c elementor-section-content-middle elementor-section-full_width elementor-section-stretched elementor-section-height-default elementor-section-height-default\" data-id=\"32559c9c\" data-element_type=\"section\" data-e-type=\"section\" data-settings=\"{&quot;background_background&quot;:&quot;classic&quot;,&quot;stretch_section&quot;:&quot;section-stretched&quot;}\">\n\t\t\t\t\t\t\t<div class=\"elementor-background-overlay\"><\/div>\n\t\t\t\t\t\t\t<div class=\"elementor-container elementor-column-gap-default\">\n\t\t\t\t\t<div class=\"elementor-column elementor-col-50 elementor-top-column elementor-element elementor-element-466d3fbc\" data-id=\"466d3fbc\" data-element_type=\"column\" data-e-type=\"column\">\n\t\t\t<div class=\"elementor-widget-wrap elementor-element-populated\">\n\t\t\t\t\t\t<div class=\"elementor-element elementor-element-52801dab elementor-widget elementor-widget-image\" data-id=\"52801dab\" data-element_type=\"widget\" data-e-type=\"widget\" data-widget_type=\"image.default\">\n\t\t\t\t<div class=\"elementor-widget-container\">\n\t\t\t\t\t\t\t\t\t\t\t\t\t\t\t<img decoding=\"async\" width=\"650\" height=\"295\" src=\"https:\/\/ag-asesoria.com\/wp-content\/uploads\/2021\/03\/LOGO-ASESORIA.jpg\" class=\"attachment-large size-large wp-image-1179\" alt=\"Asesor\u00eda integral en contabilidad, fiscalidad, gesti\u00f3n laboral y tr\u00e1mites de extranjer\u00eda. Servicios personalizados para tu \u00e9xito en Barcelona\" srcset=\"https:\/\/ag-asesoria.com\/wp-content\/uploads\/2021\/03\/LOGO-ASESORIA.jpg 650w, https:\/\/ag-asesoria.com\/wp-content\/uploads\/2021\/03\/LOGO-ASESORIA-300x136.jpg 300w\" sizes=\"(max-width: 650px) 100vw, 650px\" \/>\t\t\t\t\t\t\t\t\t\t\t\t\t\t\t<\/div>\n\t\t\t\t<\/div>\n\t\t\t\t\t<\/div>\n\t\t<\/div>\n\t\t\t\t<div class=\"elementor-column elementor-col-50 elementor-top-column elementor-element elementor-element-51e41861\" data-id=\"51e41861\" data-element_type=\"column\" data-e-type=\"column\">\n\t\t\t<div class=\"elementor-widget-wrap elementor-element-populated\">\n\t\t\t\t\t\t<div class=\"elementor-element elementor-element-114a165a elementor-widget elementor-widget-bdt-call-out\" data-id=\"114a165a\" data-element_type=\"widget\" data-e-type=\"widget\" data-widget_type=\"bdt-call-out.default\">\n\t\t\t\t<div class=\"elementor-widget-container\">\n\t\t\t\t\t\t\t<div class=\"bdt-ep-callout bdt-ep-callout-button-align-right bdt-grid bdt-grid-large bdt-flex-middle\">\n\t\t\t<div class=\"bdt-width-expand bdt-first-column\">\n\t\t\t\t\t\t\t\t\t\t\t\t\t<div class=\"bdt-ep-callout-description\">\n\t\t\t\t\t\tEscriu-nos perqu\u00e8 puguem donar-te suport en tots els tr\u00e0mits. A AG-Assessoria t'oferim un suport integral per a aquest proc\u00e9s.\t\t\t\t\t<\/div>\n\t\t\t\t\t\t\t<\/div>\n\n\t\t\t<div class=\"bdt-ep-callout-button-wrap bdt-width-auto@m\">\n\t\t\t\t<a href=\"#contacto\" class=\"bdt-ep-callout-button\">\n\n\t\t\t\t\t<span class=\"bdt-flex bdt-flex-middle\">\n\n\t\t\t\t\t\tCONTACTA&#039;NS\n\t\t\t\t\t\t\t\t\t\t\t\t\t<span\n\t\t\t\t\t\t\t\tclass=\"bdt-ep-callout-button-icon bdt-flex-align-left\">\n\n\t\t\t\t\t\t\t\t<i aria-hidden=\"true\" class=\"fa-fw fas fa-mail-bulk\"><\/i>\n\t\t\t\t\t\t\t<\/span>\n\t\t\t\t\t\t\t\t\t\t\t<\/span>\n\n\t\t\t\t<\/a>\n\t\t\t<\/div>\n\t\t<\/div>\n\t\t\t\t\t\t<\/div>\n\t\t\t\t<\/div>\n\t\t\t\t\t<\/div>\n\t\t<\/div>\n\t\t\t\t\t<\/div>\n\t\t<\/section>\n\t\t\t\t<\/div>\n\t\t","protected":false},"excerpt":{"rendered":"<p>Assessoria laboral especialitzada al Maresme Est\u00e0s buscant una soluci\u00f3 per facilitar l&#8217;alta i la contractaci\u00f3 dels treballadors? Descobreix a AG Assessoria com la nostra assessoria laboral et pot ajudar a tenir una gesti\u00f3 m\u00e9s eficient d&#8217;aquests tr\u00e0mits d&#8217;acord amb el Conveni Col\u00b7lectiu vigent. Assessoria laboral i professional per a empreses A la nostra gestoria trobar\u00e0s [&hellip;]<\/p>\n","protected":false},"author":1,"featured_media":2402,"parent":0,"menu_order":0,"comment_status":"closed","ping_status":"closed","template":"","meta":{"footnotes":""},"class_list":["post-13445","page","type-page","status-publish","has-post-thumbnail","hentry"],"yoast_head":"<!-- This site is optimized with the Yoast SEO plugin v26.7 - https:\/\/yoast.com\/wordpress\/plugins\/seo\/ -->\n<title>Assessoria laboral especialitzada - AG Asesoria<\/title>\n<meta name=\"description\" content=\"Optimitza la teva gesti\u00f3 amb la nostra assessoria laboral especialitzada. Experts en suport a empreses i aut\u00f2noms per a l&#039;\u00e8xit laboral\" \/>\n<meta name=\"robots\" content=\"index, follow, max-snippet:-1, max-image-preview:large, max-video-preview:-1\" \/>\n<link rel=\"canonical\" href=\"https:\/\/ag-asesoria.com\/ca\/assessoria-laboral-especialitzada\/\" \/>\n<meta property=\"og:locale\" content=\"ca_ES\" \/>\n<meta property=\"og:type\" content=\"article\" \/>\n<meta property=\"og:title\" content=\"Assessoria laboral especialitzada - AG Asesoria\" \/>\n<meta property=\"og:description\" content=\"Optimitza la teva gesti\u00f3 amb la nostra assessoria laboral especialitzada. Experts en suport a empreses i aut\u00f2noms per a l&#039;\u00e8xit laboral\" \/>\n<meta property=\"og:url\" content=\"https:\/\/ag-asesoria.com\/ca\/assessoria-laboral-especialitzada\/\" \/>\n<meta property=\"og:site_name\" content=\"AG Asesoria\" \/>\n<meta property=\"article:modified_time\" content=\"2024-08-26T13:34:37+00:00\" \/>\n<meta property=\"og:image\" content=\"https:\/\/ag-asesoria.com\/wp-content\/uploads\/2024\/03\/Servicio-de-asesoria-laboral-especializada-Ag-Asesoria-e1710428122257.jpg\" \/>\n\t<meta property=\"og:image:width\" content=\"800\" \/>\n\t<meta property=\"og:image:height\" content=\"800\" \/>\n\t<meta property=\"og:image:type\" content=\"image\/jpeg\" \/>\n<meta name=\"twitter:card\" content=\"summary_large_image\" \/>\n<meta name=\"twitter:label1\" content=\"Temps estimat de lectura\" \/>\n\t<meta name=\"twitter:data1\" content=\"1 minut\" \/>\n<script type=\"application\/ld+json\" class=\"yoast-schema-graph\">{\"@context\":\"https:\/\/schema.org\",\"@graph\":[{\"@type\":\"WebPage\",\"@id\":\"https:\/\/ag-asesoria.com\/ca\/assessoria-laboral-especialitzada\/\",\"url\":\"https:\/\/ag-asesoria.com\/ca\/assessoria-laboral-especialitzada\/\",\"name\":\"Assessoria laboral especialitzada - AG Asesoria\",\"isPartOf\":{\"@id\":\"https:\/\/ag-asesoria.com\/#website\"},\"primaryImageOfPage\":{\"@id\":\"https:\/\/ag-asesoria.com\/ca\/assessoria-laboral-especialitzada\/#primaryimage\"},\"image\":{\"@id\":\"https:\/\/ag-asesoria.com\/ca\/assessoria-laboral-especialitzada\/#primaryimage\"},\"thumbnailUrl\":\"https:\/\/ag-asesoria.com\/wp-content\/uploads\/2024\/03\/Servicio-de-asesoria-laboral-especializada-Ag-Asesoria-e1710428122257.jpg\",\"datePublished\":\"2024-03-14T12:48:59+00:00\",\"dateModified\":\"2024-08-26T13:34:37+00:00\",\"description\":\"Optimitza la teva gesti\u00f3 amb la nostra assessoria laboral especialitzada. Experts en suport a empreses i aut\u00f2noms per a l'\u00e8xit laboral\",\"breadcrumb\":{\"@id\":\"https:\/\/ag-asesoria.com\/ca\/assessoria-laboral-especialitzada\/#breadcrumb\"},\"inLanguage\":\"ca\",\"potentialAction\":[{\"@type\":\"ReadAction\",\"target\":[\"https:\/\/ag-asesoria.com\/ca\/assessoria-laboral-especialitzada\/\"]}]},{\"@type\":\"ImageObject\",\"inLanguage\":\"ca\",\"@id\":\"https:\/\/ag-asesoria.com\/ca\/assessoria-laboral-especialitzada\/#primaryimage\",\"url\":\"https:\/\/ag-asesoria.com\/wp-content\/uploads\/2024\/03\/Servicio-de-asesoria-laboral-especializada-Ag-Asesoria-e1710428122257.jpg\",\"contentUrl\":\"https:\/\/ag-asesoria.com\/wp-content\/uploads\/2024\/03\/Servicio-de-asesoria-laboral-especializada-Ag-Asesoria-e1710428122257.jpg\",\"width\":800,\"height\":800,\"caption\":\"Asesor\u00eda laboral especializada\"},{\"@type\":\"BreadcrumbList\",\"@id\":\"https:\/\/ag-asesoria.com\/ca\/assessoria-laboral-especialitzada\/#breadcrumb\",\"itemListElement\":[{\"@type\":\"ListItem\",\"position\":1,\"name\":\"Home\",\"item\":\"https:\/\/ag-asesoria.com\/ca\/\"},{\"@type\":\"ListItem\",\"position\":2,\"name\":\"Assessoria laboral especialitzada\"}]},{\"@type\":\"WebSite\",\"@id\":\"https:\/\/ag-asesoria.com\/#website\",\"url\":\"https:\/\/ag-asesoria.com\/\",\"name\":\"AG Asesor\u00eda\",\"description\":\"Asesor fiscal, laboral, contable y extranjeria en Arenys de Mar\",\"publisher\":{\"@id\":\"https:\/\/ag-asesoria.com\/#organization\"},\"potentialAction\":[{\"@type\":\"SearchAction\",\"target\":{\"@type\":\"EntryPoint\",\"urlTemplate\":\"https:\/\/ag-asesoria.com\/?s={search_term_string}\"},\"query-input\":{\"@type\":\"PropertyValueSpecification\",\"valueRequired\":true,\"valueName\":\"search_term_string\"}}],\"inLanguage\":\"ca\"},{\"@type\":\"Organization\",\"@id\":\"https:\/\/ag-asesoria.com\/#organization\",\"name\":\"AG Asesor\u00eda\",\"url\":\"https:\/\/ag-asesoria.com\/\",\"logo\":{\"@type\":\"ImageObject\",\"inLanguage\":\"ca\",\"@id\":\"https:\/\/ag-asesoria.com\/#\/schema\/logo\/image\/\",\"url\":\"https:\/\/ag-asesoria.com\/wp-content\/uploads\/2021\/03\/LOGO-ASESORIA.jpg\",\"contentUrl\":\"https:\/\/ag-asesoria.com\/wp-content\/uploads\/2021\/03\/LOGO-ASESORIA.jpg\",\"width\":650,\"height\":295,\"caption\":\"AG Asesor\u00eda\"},\"image\":{\"@id\":\"https:\/\/ag-asesoria.com\/#\/schema\/logo\/image\/\"}}]}<\/script>\n<!-- \/ Yoast SEO plugin. -->","yoast_head_json":{"title":"Assessoria laboral especialitzada - AG Asesoria","description":"Optimitza la teva gesti\u00f3 amb la nostra assessoria laboral especialitzada. Experts en suport a empreses i aut\u00f2noms per a l'\u00e8xit laboral","robots":{"index":"index","follow":"follow","max-snippet":"max-snippet:-1","max-image-preview":"max-image-preview:large","max-video-preview":"max-video-preview:-1"},"canonical":"https:\/\/ag-asesoria.com\/ca\/assessoria-laboral-especialitzada\/","og_locale":"ca_ES","og_type":"article","og_title":"Assessoria laboral especialitzada - AG Asesoria","og_description":"Optimitza la teva gesti\u00f3 amb la nostra assessoria laboral especialitzada. Experts en suport a empreses i aut\u00f2noms per a l'\u00e8xit laboral","og_url":"https:\/\/ag-asesoria.com\/ca\/assessoria-laboral-especialitzada\/","og_site_name":"AG Asesoria","article_modified_time":"2024-08-26T13:34:37+00:00","og_image":[{"width":800,"height":800,"url":"https:\/\/ag-asesoria.com\/wp-content\/uploads\/2024\/03\/Servicio-de-asesoria-laboral-especializada-Ag-Asesoria-e1710428122257.jpg","type":"image\/jpeg"}],"twitter_card":"summary_large_image","twitter_misc":{"Temps estimat de lectura":"1 minut"},"schema":{"@context":"https:\/\/schema.org","@graph":[{"@type":"WebPage","@id":"https:\/\/ag-asesoria.com\/ca\/assessoria-laboral-especialitzada\/","url":"https:\/\/ag-asesoria.com\/ca\/assessoria-laboral-especialitzada\/","name":"Assessoria laboral especialitzada - AG Asesoria","isPartOf":{"@id":"https:\/\/ag-asesoria.com\/#website"},"primaryImageOfPage":{"@id":"https:\/\/ag-asesoria.com\/ca\/assessoria-laboral-especialitzada\/#primaryimage"},"image":{"@id":"https:\/\/ag-asesoria.com\/ca\/assessoria-laboral-especialitzada\/#primaryimage"},"thumbnailUrl":"https:\/\/ag-asesoria.com\/wp-content\/uploads\/2024\/03\/Servicio-de-asesoria-laboral-especializada-Ag-Asesoria-e1710428122257.jpg","datePublished":"2024-03-14T12:48:59+00:00","dateModified":"2024-08-26T13:34:37+00:00","description":"Optimitza la teva gesti\u00f3 amb la nostra assessoria laboral especialitzada. Experts en suport a empreses i aut\u00f2noms per a l'\u00e8xit laboral","breadcrumb":{"@id":"https:\/\/ag-asesoria.com\/ca\/assessoria-laboral-especialitzada\/#breadcrumb"},"inLanguage":"ca","potentialAction":[{"@type":"ReadAction","target":["https:\/\/ag-asesoria.com\/ca\/assessoria-laboral-especialitzada\/"]}]},{"@type":"ImageObject","inLanguage":"ca","@id":"https:\/\/ag-asesoria.com\/ca\/assessoria-laboral-especialitzada\/#primaryimage","url":"https:\/\/ag-asesoria.com\/wp-content\/uploads\/2024\/03\/Servicio-de-asesoria-laboral-especializada-Ag-Asesoria-e1710428122257.jpg","contentUrl":"https:\/\/ag-asesoria.com\/wp-content\/uploads\/2024\/03\/Servicio-de-asesoria-laboral-especializada-Ag-Asesoria-e1710428122257.jpg","width":800,"height":800,"caption":"Asesor\u00eda laboral especializada"},{"@type":"BreadcrumbList","@id":"https:\/\/ag-asesoria.com\/ca\/assessoria-laboral-especialitzada\/#breadcrumb","itemListElement":[{"@type":"ListItem","position":1,"name":"Home","item":"https:\/\/ag-asesoria.com\/ca\/"},{"@type":"ListItem","position":2,"name":"Assessoria laboral especialitzada"}]},{"@type":"WebSite","@id":"https:\/\/ag-asesoria.com\/#website","url":"https:\/\/ag-asesoria.com\/","name":"AG Asesor\u00eda","description":"Asesor fiscal, laboral, contable y extranjeria en Arenys de Mar","publisher":{"@id":"https:\/\/ag-asesoria.com\/#organization"},"potentialAction":[{"@type":"SearchAction","target":{"@type":"EntryPoint","urlTemplate":"https:\/\/ag-asesoria.com\/?s={search_term_string}"},"query-input":{"@type":"PropertyValueSpecification","valueRequired":true,"valueName":"search_term_string"}}],"inLanguage":"ca"},{"@type":"Organization","@id":"https:\/\/ag-asesoria.com\/#organization","name":"AG Asesor\u00eda","url":"https:\/\/ag-asesoria.com\/","logo":{"@type":"ImageObject","inLanguage":"ca","@id":"https:\/\/ag-asesoria.com\/#\/schema\/logo\/image\/","url":"https:\/\/ag-asesoria.com\/wp-content\/uploads\/2021\/03\/LOGO-ASESORIA.jpg","contentUrl":"https:\/\/ag-asesoria.com\/wp-content\/uploads\/2021\/03\/LOGO-ASESORIA.jpg","width":650,"height":295,"caption":"AG Asesor\u00eda"},"image":{"@id":"https:\/\/ag-asesoria.com\/#\/schema\/logo\/image\/"}}]}},"_links":{"self":[{"href":"https:\/\/ag-asesoria.com\/ca\/wp-json\/wp\/v2\/pages\/13445","targetHints":{"allow":["GET"]}}],"collection":[{"href":"https:\/\/ag-asesoria.com\/ca\/wp-json\/wp\/v2\/pages"}],"about":[{"href":"https:\/\/ag-asesoria.com\/ca\/wp-json\/wp\/v2\/types\/page"}],"author":[{"embeddable":true,"href":"https:\/\/ag-asesoria.com\/ca\/wp-json\/wp\/v2\/users\/1"}],"replies":[{"embeddable":true,"href":"https:\/\/ag-asesoria.com\/ca\/wp-json\/wp\/v2\/comments?post=13445"}],"version-history":[{"count":1,"href":"https:\/\/ag-asesoria.com\/ca\/wp-json\/wp\/v2\/pages\/13445\/revisions"}],"predecessor-version":[{"id":13446,"href":"https:\/\/ag-asesoria.com\/ca\/wp-json\/wp\/v2\/pages\/13445\/revisions\/13446"}],"wp:featuredmedia":[{"embeddable":true,"href":"https:\/\/ag-asesoria.com\/ca\/wp-json\/wp\/v2\/media\/2402"}],"wp:attachment":[{"href":"https:\/\/ag-asesoria.com\/ca\/wp-json\/wp\/v2\/media?parent=13445"}],"curies":[{"name":"wp","href":"https:\/\/api.w.org\/{rel}","templated":true}]}}