{"id":1203,"date":"2021-03-15T18:26:10","date_gmt":"2021-03-15T18:26:10","guid":{"rendered":"https:\/\/ag-asesoria.com\/area-clientes\/"},"modified":"2023-11-06T10:40:03","modified_gmt":"2023-11-06T10:40:03","slug":"area-clients","status":"publish","type":"page","link":"https:\/\/ag-asesoria.com\/ca\/area-clients\/","title":{"rendered":"\u00c1REA CLIENTS"},"content":{"rendered":"\t\t<div data-elementor-type=\"wp-page\" data-elementor-id=\"1203\" class=\"elementor elementor-1203 elementor-149\" data-elementor-settings=\"{&quot;element_pack_global_tooltip_width&quot;:{&quot;unit&quot;:&quot;px&quot;,&quot;size&quot;:&quot;&quot;,&quot;sizes&quot;:[]},&quot;element_pack_global_tooltip_width_tablet&quot;:{&quot;unit&quot;:&quot;px&quot;,&quot;size&quot;:&quot;&quot;,&quot;sizes&quot;:[]},&quot;element_pack_global_tooltip_width_mobile&quot;:{&quot;unit&quot;:&quot;px&quot;,&quot;size&quot;:&quot;&quot;,&quot;sizes&quot;:[]},&quot;element_pack_global_tooltip_padding&quot;:{&quot;unit&quot;:&quot;px&quot;,&quot;top&quot;:&quot;&quot;,&quot;right&quot;:&quot;&quot;,&quot;bottom&quot;:&quot;&quot;,&quot;left&quot;:&quot;&quot;,&quot;isLinked&quot;:true},&quot;element_pack_global_tooltip_padding_tablet&quot;:{&quot;unit&quot;:&quot;px&quot;,&quot;top&quot;:&quot;&quot;,&quot;right&quot;:&quot;&quot;,&quot;bottom&quot;:&quot;&quot;,&quot;left&quot;:&quot;&quot;,&quot;isLinked&quot;:true},&quot;element_pack_global_tooltip_padding_mobile&quot;:{&quot;unit&quot;:&quot;px&quot;,&quot;top&quot;:&quot;&quot;,&quot;right&quot;:&quot;&quot;,&quot;bottom&quot;:&quot;&quot;,&quot;left&quot;:&quot;&quot;,&quot;isLinked&quot;:true},&quot;element_pack_global_tooltip_border_radius&quot;:{&quot;unit&quot;:&quot;px&quot;,&quot;top&quot;:&quot;&quot;,&quot;right&quot;:&quot;&quot;,&quot;bottom&quot;:&quot;&quot;,&quot;left&quot;:&quot;&quot;,&quot;isLinked&quot;:true},&quot;element_pack_global_tooltip_border_radius_tablet&quot;:{&quot;unit&quot;:&quot;px&quot;,&quot;top&quot;:&quot;&quot;,&quot;right&quot;:&quot;&quot;,&quot;bottom&quot;:&quot;&quot;,&quot;left&quot;:&quot;&quot;,&quot;isLinked&quot;:true},&quot;element_pack_global_tooltip_border_radius_mobile&quot;:{&quot;unit&quot;:&quot;px&quot;,&quot;top&quot;:&quot;&quot;,&quot;right&quot;:&quot;&quot;,&quot;bottom&quot;:&quot;&quot;,&quot;left&quot;:&quot;&quot;,&quot;isLinked&quot;:true}}\" data-elementor-post-type=\"page\">\n\t\t\t\t\t\t<section class=\"elementor-section elementor-top-section elementor-element elementor-element-c06595b elementor-section-boxed elementor-section-height-default elementor-section-height-default\" data-id=\"c06595b\" data-element_type=\"section\" data-e-type=\"section\" data-settings=\"{&quot;background_background&quot;:&quot;classic&quot;}\">\n\t\t\t\t\t\t\t<div class=\"elementor-background-overlay\"><\/div>\n\t\t\t\t\t\t\t<div class=\"elementor-container elementor-column-gap-default\">\n\t\t\t\t\t<div class=\"elementor-column elementor-col-100 elementor-top-column elementor-element elementor-element-a8d994d\" data-id=\"a8d994d\" data-element_type=\"column\" data-e-type=\"column\">\n\t\t\t<div class=\"elementor-widget-wrap elementor-element-populated\">\n\t\t\t\t\t\t<div class=\"elementor-element elementor-element-a7c8f59 elementor-widget elementor-widget-heading\" data-id=\"a7c8f59\" data-element_type=\"widget\" data-e-type=\"widget\" data-widget_type=\"heading.default\">\n\t\t\t\t<div class=\"elementor-widget-container\">\n\t\t\t\t\t<h2 class=\"elementor-heading-title elementor-size-default\">SEMPRE AMB TU<\/h2>\t\t\t\t<\/div>\n\t\t\t\t<\/div>\n\t\t\t\t<div class=\"elementor-element elementor-element-135d0c3 elementor-widget elementor-widget-heading\" data-id=\"135d0c3\" data-element_type=\"widget\" data-e-type=\"widget\" data-widget_type=\"heading.default\">\n\t\t\t\t<div class=\"elementor-widget-container\">\n\t\t\t\t\t<h2 class=\"elementor-heading-title elementor-size-default\">LA TEVA DOCUMENTACI\u00d3 EN TEMPS REAL, AMB LA M\u00c0XIMA SEGURETAT I PROTECCI\u00d3<\/h2>\t\t\t\t<\/div>\n\t\t\t\t<\/div>\n\t\t\t\t<section class=\"elementor-section elementor-inner-section elementor-element elementor-element-a6a5d22 elementor-section-boxed elementor-section-height-default elementor-section-height-default\" data-id=\"a6a5d22\" data-element_type=\"section\" data-e-type=\"section\">\n\t\t\t\t\t\t<div class=\"elementor-container elementor-column-gap-default\">\n\t\t\t\t\t<div class=\"elementor-column elementor-col-100 elementor-inner-column elementor-element elementor-element-5c8b97d\" data-id=\"5c8b97d\" data-element_type=\"column\" data-e-type=\"column\">\n\t\t\t<div class=\"elementor-widget-wrap elementor-element-populated\">\n\t\t\t\t\t\t<div class=\"elementor-element elementor-element-40a6157 elementor-align-center elementor-widget elementor-widget-button\" data-id=\"40a6157\" data-element_type=\"widget\" data-e-type=\"widget\" data-widget_type=\"button.default\">\n\t\t\t\t<div class=\"elementor-widget-container\">\n\t\t\t\t\t\t\t\t\t<div class=\"elementor-button-wrapper\">\n\t\t\t\t\t<a class=\"elementor-button elementor-button-link elementor-size-sm\" href=\"https:\/\/dataprius.net\/agasesoria\">\n\t\t\t\t\t\t<span class=\"elementor-button-content-wrapper\">\n\t\t\t\t\t\t\t\t\t<span class=\"elementor-button-text\">ACC\u00c9S PRIVAT CLIENTS<\/span>\n\t\t\t\t\t<\/span>\n\t\t\t\t\t<\/a>\n\t\t\t\t<\/div>\n\t\t\t\t\t\t\t\t<\/div>\n\t\t\t\t<\/div>\n\t\t\t\t<div class=\"elementor-element elementor-element-74ebd8d elementor-align-center elementor-widget elementor-widget-button\" data-id=\"74ebd8d\" data-element_type=\"widget\" data-e-type=\"widget\" data-widget_type=\"button.default\">\n\t\t\t\t<div class=\"elementor-widget-container\">\n\t\t\t\t\t\t\t\t\t<div class=\"elementor-button-wrapper\">\n\t\t\t\t\t<a class=\"elementor-button elementor-button-link elementor-size-sm\" href=\"https:\/\/ag-asesoria.contasimple.com\/\">\n\t\t\t\t\t\t<span class=\"elementor-button-content-wrapper\">\n\t\t\t\t\t\t\t\t\t<span class=\"elementor-button-text\">ACC\u00c9S COMPTABILITAT<\/span>\n\t\t\t\t\t<\/span>\n\t\t\t\t\t<\/a>\n\t\t\t\t<\/div>\n\t\t\t\t\t\t\t\t<\/div>\n\t\t\t\t<\/div>\n\t\t\t\t<div class=\"elementor-element elementor-element-66d432a elementor-align-center elementor-widget elementor-widget-button\" data-id=\"66d432a\" data-element_type=\"widget\" data-e-type=\"widget\" data-widget_type=\"button.default\">\n\t\t\t\t<div class=\"elementor-widget-container\">\n\t\t\t\t\t\t\t\t\t<div class=\"elementor-button-wrapper\">\n\t\t\t\t\t<a class=\"elementor-button elementor-button-link elementor-size-sm\" href=\"https:\/\/ag-asesoria.com\/conexion-remota\/\">\n\t\t\t\t\t\t<span class=\"elementor-button-content-wrapper\">\n\t\t\t\t\t\t\t\t\t<span class=\"elementor-button-text\">ACC\u00c9S REMOT<\/span>\n\t\t\t\t\t<\/span>\n\t\t\t\t\t<\/a>\n\t\t\t\t<\/div>\n\t\t\t\t\t\t\t\t<\/div>\n\t\t\t\t<\/div>\n\t\t\t\t\t<\/div>\n\t\t<\/div>\n\t\t\t\t\t<\/div>\n\t\t<\/section>\n\t\t\t\t\t<\/div>\n\t\t<\/div>\n\t\t\t\t\t<\/div>\n\t\t<\/section>\n\t\t\t\t<\/div>\n\t\t","protected":false},"excerpt":{"rendered":"<p>SEMPRE AMB TU LA TEVA DOCUMENTACI\u00d3 EN TEMPS REAL, AMB LA M\u00c0XIMA SEGURETAT I PROTECCI\u00d3 ACC\u00c9S PRIVAT CLIENTS ACC\u00c9S COMPTABILITAT ACC\u00c9S REMOT<\/p>\n","protected":false},"author":1,"featured_media":0,"parent":0,"menu_order":0,"comment_status":"closed","ping_status":"closed","template":"elementor_header_footer","meta":{"footnotes":""},"class_list":["post-1203","page","type-page","status-publish","hentry"],"yoast_head":"<!-- This site is optimized with the Yoast SEO plugin v26.7 - https:\/\/yoast.com\/wordpress\/plugins\/seo\/ -->\n<title>\u00c1REA CLIENTS - AG Asesoria<\/title>\n<meta name=\"robots\" content=\"index, follow, max-snippet:-1, max-image-preview:large, max-video-preview:-1\" \/>\n<link rel=\"canonical\" href=\"https:\/\/ag-asesoria.com\/ca\/area-clients\/\" \/>\n<meta property=\"og:locale\" content=\"ca_ES\" \/>\n<meta property=\"og:type\" content=\"article\" \/>\n<meta property=\"og:title\" content=\"\u00c1REA CLIENTS - AG Asesoria\" \/>\n<meta property=\"og:description\" content=\"SEMPRE AMB TU LA TEVA DOCUMENTACI\u00d3 EN TEMPS REAL, AMB LA M\u00c0XIMA SEGURETAT I PROTECCI\u00d3 ACC\u00c9S PRIVAT CLIENTS ACC\u00c9S COMPTABILITAT ACC\u00c9S REMOT\" \/>\n<meta property=\"og:url\" content=\"https:\/\/ag-asesoria.com\/ca\/area-clients\/\" \/>\n<meta property=\"og:site_name\" content=\"AG Asesoria\" \/>\n<meta property=\"article:modified_time\" content=\"2023-11-06T10:40:03+00:00\" \/>\n<meta name=\"twitter:card\" content=\"summary_large_image\" \/>\n<script type=\"application\/ld+json\" class=\"yoast-schema-graph\">{\"@context\":\"https:\/\/schema.org\",\"@graph\":[{\"@type\":\"WebPage\",\"@id\":\"https:\/\/ag-asesoria.com\/ca\/area-clients\/\",\"url\":\"https:\/\/ag-asesoria.com\/ca\/area-clients\/\",\"name\":\"\u00c1REA CLIENTS - AG Asesoria\",\"isPartOf\":{\"@id\":\"https:\/\/ag-asesoria.com\/#website\"},\"datePublished\":\"2021-03-15T18:26:10+00:00\",\"dateModified\":\"2023-11-06T10:40:03+00:00\",\"breadcrumb\":{\"@id\":\"https:\/\/ag-asesoria.com\/ca\/area-clients\/#breadcrumb\"},\"inLanguage\":\"ca\",\"potentialAction\":[{\"@type\":\"ReadAction\",\"target\":[\"https:\/\/ag-asesoria.com\/ca\/area-clients\/\"]}]},{\"@type\":\"BreadcrumbList\",\"@id\":\"https:\/\/ag-asesoria.com\/ca\/area-clients\/#breadcrumb\",\"itemListElement\":[{\"@type\":\"ListItem\",\"position\":1,\"name\":\"Home\",\"item\":\"https:\/\/ag-asesoria.com\/ca\/\"},{\"@type\":\"ListItem\",\"position\":2,\"name\":\"\u00c1REA CLIENTS\"}]},{\"@type\":\"WebSite\",\"@id\":\"https:\/\/ag-asesoria.com\/#website\",\"url\":\"https:\/\/ag-asesoria.com\/\",\"name\":\"AG Asesor\u00eda\",\"description\":\"Asesor fiscal, laboral, contable y extranjeria en Arenys de Mar\",\"publisher\":{\"@id\":\"https:\/\/ag-asesoria.com\/#organization\"},\"potentialAction\":[{\"@type\":\"SearchAction\",\"target\":{\"@type\":\"EntryPoint\",\"urlTemplate\":\"https:\/\/ag-asesoria.com\/?s={search_term_string}\"},\"query-input\":{\"@type\":\"PropertyValueSpecification\",\"valueRequired\":true,\"valueName\":\"search_term_string\"}}],\"inLanguage\":\"ca\"},{\"@type\":\"Organization\",\"@id\":\"https:\/\/ag-asesoria.com\/#organization\",\"name\":\"AG Asesor\u00eda\",\"url\":\"https:\/\/ag-asesoria.com\/\",\"logo\":{\"@type\":\"ImageObject\",\"inLanguage\":\"ca\",\"@id\":\"https:\/\/ag-asesoria.com\/#\/schema\/logo\/image\/\",\"url\":\"https:\/\/ag-asesoria.com\/wp-content\/uploads\/2021\/03\/LOGO-ASESORIA.jpg\",\"contentUrl\":\"https:\/\/ag-asesoria.com\/wp-content\/uploads\/2021\/03\/LOGO-ASESORIA.jpg\",\"width\":650,\"height\":295,\"caption\":\"AG Asesor\u00eda\"},\"image\":{\"@id\":\"https:\/\/ag-asesoria.com\/#\/schema\/logo\/image\/\"}}]}<\/script>\n<!-- \/ Yoast SEO plugin. -->","yoast_head_json":{"title":"\u00c1REA CLIENTS - AG Asesoria","robots":{"index":"index","follow":"follow","max-snippet":"max-snippet:-1","max-image-preview":"max-image-preview:large","max-video-preview":"max-video-preview:-1"},"canonical":"https:\/\/ag-asesoria.com\/ca\/area-clients\/","og_locale":"ca_ES","og_type":"article","og_title":"\u00c1REA CLIENTS - AG Asesoria","og_description":"SEMPRE AMB TU LA TEVA DOCUMENTACI\u00d3 EN TEMPS REAL, AMB LA M\u00c0XIMA SEGURETAT I PROTECCI\u00d3 ACC\u00c9S PRIVAT CLIENTS ACC\u00c9S COMPTABILITAT ACC\u00c9S REMOT","og_url":"https:\/\/ag-asesoria.com\/ca\/area-clients\/","og_site_name":"AG Asesoria","article_modified_time":"2023-11-06T10:40:03+00:00","twitter_card":"summary_large_image","schema":{"@context":"https:\/\/schema.org","@graph":[{"@type":"WebPage","@id":"https:\/\/ag-asesoria.com\/ca\/area-clients\/","url":"https:\/\/ag-asesoria.com\/ca\/area-clients\/","name":"\u00c1REA CLIENTS - AG Asesoria","isPartOf":{"@id":"https:\/\/ag-asesoria.com\/#website"},"datePublished":"2021-03-15T18:26:10+00:00","dateModified":"2023-11-06T10:40:03+00:00","breadcrumb":{"@id":"https:\/\/ag-asesoria.com\/ca\/area-clients\/#breadcrumb"},"inLanguage":"ca","potentialAction":[{"@type":"ReadAction","target":["https:\/\/ag-asesoria.com\/ca\/area-clients\/"]}]},{"@type":"BreadcrumbList","@id":"https:\/\/ag-asesoria.com\/ca\/area-clients\/#breadcrumb","itemListElement":[{"@type":"ListItem","position":1,"name":"Home","item":"https:\/\/ag-asesoria.com\/ca\/"},{"@type":"ListItem","position":2,"name":"\u00c1REA CLIENTS"}]},{"@type":"WebSite","@id":"https:\/\/ag-asesoria.com\/#website","url":"https:\/\/ag-asesoria.com\/","name":"AG Asesor\u00eda","description":"Asesor fiscal, laboral, contable y extranjeria en Arenys de Mar","publisher":{"@id":"https:\/\/ag-asesoria.com\/#organization"},"potentialAction":[{"@type":"SearchAction","target":{"@type":"EntryPoint","urlTemplate":"https:\/\/ag-asesoria.com\/?s={search_term_string}"},"query-input":{"@type":"PropertyValueSpecification","valueRequired":true,"valueName":"search_term_string"}}],"inLanguage":"ca"},{"@type":"Organization","@id":"https:\/\/ag-asesoria.com\/#organization","name":"AG Asesor\u00eda","url":"https:\/\/ag-asesoria.com\/","logo":{"@type":"ImageObject","inLanguage":"ca","@id":"https:\/\/ag-asesoria.com\/#\/schema\/logo\/image\/","url":"https:\/\/ag-asesoria.com\/wp-content\/uploads\/2021\/03\/LOGO-ASESORIA.jpg","contentUrl":"https:\/\/ag-asesoria.com\/wp-content\/uploads\/2021\/03\/LOGO-ASESORIA.jpg","width":650,"height":295,"caption":"AG Asesor\u00eda"},"image":{"@id":"https:\/\/ag-asesoria.com\/#\/schema\/logo\/image\/"}}]}},"_links":{"self":[{"href":"https:\/\/ag-asesoria.com\/ca\/wp-json\/wp\/v2\/pages\/1203","targetHints":{"allow":["GET"]}}],"collection":[{"href":"https:\/\/ag-asesoria.com\/ca\/wp-json\/wp\/v2\/pages"}],"about":[{"href":"https:\/\/ag-asesoria.com\/ca\/wp-json\/wp\/v2\/types\/page"}],"author":[{"embeddable":true,"href":"https:\/\/ag-asesoria.com\/ca\/wp-json\/wp\/v2\/users\/1"}],"replies":[{"embeddable":true,"href":"https:\/\/ag-asesoria.com\/ca\/wp-json\/wp\/v2\/comments?post=1203"}],"version-history":[{"count":16,"href":"https:\/\/ag-asesoria.com\/ca\/wp-json\/wp\/v2\/pages\/1203\/revisions"}],"predecessor-version":[{"id":1438,"href":"https:\/\/ag-asesoria.com\/ca\/wp-json\/wp\/v2\/pages\/1203\/revisions\/1438"}],"wp:attachment":[{"href":"https:\/\/ag-asesoria.com\/ca\/wp-json\/wp\/v2\/media?parent=1203"}],"curies":[{"name":"wp","href":"https:\/\/api.w.org\/{rel}","templated":true}]}}